{"id":186,"date":"2017-03-19T12:57:45","date_gmt":"2017-03-19T11:57:45","guid":{"rendered":"http:\/\/word.abconline.pl\/?page_id=186"},"modified":"2021-07-04T16:37:12","modified_gmt":"2021-07-04T16:37:12","slug":"monitoring-ip","status":"publish","type":"page","link":"https:\/\/abconline.pl\/?page_id=186","title":{"rendered":"Monitoring wideo"},"content":{"rendered":"<ul>\n<li><span style=\"font-size: 18pt;\">najwy\u017cszej jako\u015bci monitoring wideo oparty o technologi\u0119 IP<\/span><\/li>\n<li><span style=\"font-size: 18pt;\">kamery i rejestratory w rozdzielczo\u015bci 4K<\/span><\/li>\n<li><span style=\"font-size: 18pt;\">wyzwalanie alarmu przez urz\u0105dzenia wideo monitoringu<\/span><\/li>\n<li><span style=\"font-size: 18pt;\">zdalny podgl\u0105d na urz\u0105dzeniach mobilnych<\/span><\/li>\n<li><span style=\"font-size: 18pt;\">nadz\u00f3r nad domem z dowolnego miejsca<\/span><\/li>\n<li><span style=\"font-size: 18pt;\">bardzo przyst\u0119pne ceny<\/span><\/li>\n<\/ul>\n<p><span style=\"font-size: 14pt;\">Przyk\u0142adowy zestaw wysokiej jako\u015bci monitoringu IP, ze zdalnym dost\u0119pem z komputer\u00f3w, tablet\u00f3w i smartfon\u00f3w:<\/span><\/p>\n<ol>\n<li><span style=\"font-size: 14pt;\">Rejestrator stacjonarny do obs\u0142ugi kamer w rozdzielczo\u015bci 4K (4096 x 2160), z dyskiem twardym o pojemno\u015bci 2TB<\/span><\/li>\n<li><span style=\"font-size: 14pt;\">Trzy wodoszczelne kamery (dzie\u0144 i noc) 4Mpix o rozdzielczo\u015bci 2560 x 1440 z p\u0142ynn\u0105 pr\u0119dko\u015bci\u0105 \u00a0zapisu &#8211; 20 ramek na sek.<\/span><\/li>\n<li><span style=\"font-size: 14pt;\">Zasilanie kamer poprzez prze\u0142\u0105cznik sieciowy z funkcj\u0105 PoE (brak dodatkowych zasilaczy przy kamerach)<\/span><\/li>\n<\/ol>\n<p><span style=\"font-size: 14pt;\"><strong><span style=\"color: #ff0000;\">Cena za komplet &#8211; <span style=\"font-size: 18pt;\">1990z\u0142<\/span><\/span><\/strong><\/span><\/p>\n","protected":false},"excerpt":{"rendered":"<p>najwy\u017cszej jako\u015bci monitoring wideo oparty o technologi\u0119 IP kamery i rejestratory w rozdzielczo\u015bci 4K wyzwalanie alarmu przez urz\u0105dzenia wideo monitoringu zdalny podgl\u0105d na urz\u0105dzeniach mobilnych nadz\u00f3r nad domem z dowolnego miejsca bardzo przyst\u0119pne ceny Przyk\u0142adowy zestaw wysokiej jako\u015bci monitoringu IP, ze zdalnym dost\u0119pem z komputer\u00f3w, tablet\u00f3w i smartfon\u00f3w: Rejestrator stacjonarny do obs\u0142ugi kamer w rozdzielczo\u015bci [&hellip;]<\/p>\n","protected":false},"author":1,"featured_media":0,"parent":128,"menu_order":0,"comment_status":"closed","ping_status":"closed","template":"","meta":[],"_links":{"self":[{"href":"https:\/\/abconline.pl\/index.php?rest_route=\/wp\/v2\/pages\/186"}],"collection":[{"href":"https:\/\/abconline.pl\/index.php?rest_route=\/wp\/v2\/pages"}],"about":[{"href":"https:\/\/abconline.pl\/index.php?rest_route=\/wp\/v2\/types\/page"}],"author":[{"embeddable":true,"href":"https:\/\/abconline.pl\/index.php?rest_route=\/wp\/v2\/users\/1"}],"replies":[{"embeddable":true,"href":"https:\/\/abconline.pl\/index.php?rest_route=%2Fwp%2Fv2%2Fcomments&post=186"}],"version-history":[{"count":17,"href":"https:\/\/abconline.pl\/index.php?rest_route=\/wp\/v2\/pages\/186\/revisions"}],"predecessor-version":[{"id":598,"href":"https:\/\/abconline.pl\/index.php?rest_route=\/wp\/v2\/pages\/186\/revisions\/598"}],"up":[{"embeddable":true,"href":"https:\/\/abconline.pl\/index.php?rest_route=\/wp\/v2\/pages\/128"}],"wp:attachment":[{"href":"https:\/\/abconline.pl\/index.php?rest_route=%2Fwp%2Fv2%2Fmedia&parent=186"}],"curies":[{"name":"wp","href":"https:\/\/api.w.org\/{rel}","templated":true}]}}