{"id":237,"date":"2017-03-19T17:12:10","date_gmt":"2017-03-19T16:12:10","guid":{"rendered":"http:\/\/word.abconline.pl\/?page_id=237"},"modified":"2017-06-11T15:03:52","modified_gmt":"2017-06-11T14:03:52","slug":"tusze-tonery","status":"publish","type":"page","link":"https:\/\/abconline.pl\/?page_id=237","title":{"rendered":"Tusze, tonery"},"content":{"rendered":"<ul>\n<li><span style=\"font-size: 18pt;\">oryginalne tusze i tonery znanych producent\u00f3w<\/span><\/li>\n<li><span style=\"font-size: 18pt;\">wysokiej jako\u015bci zast\u0119pcze tusze i tonery<\/span><\/li>\n<li><span style=\"font-size: 18pt;\">pomoc w doborze materia\u0142\u00f3w eksploatacyjnych<\/span><\/li>\n<li><span style=\"font-size: 18pt;\">serwisowanie urz\u0105dze\u0144<\/span><\/li>\n<\/ul>\n","protected":false},"excerpt":{"rendered":"<p>oryginalne tusze i tonery znanych producent\u00f3w wysokiej jako\u015bci zast\u0119pcze tusze i tonery pomoc w doborze materia\u0142\u00f3w eksploatacyjnych serwisowanie urz\u0105dze\u0144<\/p>\n","protected":false},"author":1,"featured_media":0,"parent":0,"menu_order":0,"comment_status":"closed","ping_status":"closed","template":"","meta":[],"_links":{"self":[{"href":"https:\/\/abconline.pl\/index.php?rest_route=\/wp\/v2\/pages\/237"}],"collection":[{"href":"https:\/\/abconline.pl\/index.php?rest_route=\/wp\/v2\/pages"}],"about":[{"href":"https:\/\/abconline.pl\/index.php?rest_route=\/wp\/v2\/types\/page"}],"author":[{"embeddable":true,"href":"https:\/\/abconline.pl\/index.php?rest_route=\/wp\/v2\/users\/1"}],"replies":[{"embeddable":true,"href":"https:\/\/abconline.pl\/index.php?rest_route=%2Fwp%2Fv2%2Fcomments&post=237"}],"version-history":[{"count":3,"href":"https:\/\/abconline.pl\/index.php?rest_route=\/wp\/v2\/pages\/237\/revisions"}],"predecessor-version":[{"id":385,"href":"https:\/\/abconline.pl\/index.php?rest_route=\/wp\/v2\/pages\/237\/revisions\/385"}],"wp:attachment":[{"href":"https:\/\/abconline.pl\/index.php?rest_route=%2Fwp%2Fv2%2Fmedia&parent=237"}],"curies":[{"name":"wp","href":"https:\/\/api.w.org\/{rel}","templated":true}]}}