{"id":434,"date":"2017-06-11T17:13:36","date_gmt":"2017-06-11T16:13:36","guid":{"rendered":"http:\/\/word.abconline.pl\/?page_id=434"},"modified":"2021-07-04T18:34:40","modified_gmt":"2021-07-04T18:34:40","slug":"startowa","status":"publish","type":"page","link":"https:\/\/abconline.pl\/","title":{"rendered":"Startowa"},"content":{"rendered":"<p><span style=\"font-size: 14pt;\"><strong><span style=\"color: #ff0000;\">Od lipca 2019 roku nasz sklep zosta\u0142 przeniesiony na ulic\u0119 Wojska Polskiego 5 w Inowroc\u0142awiu (za targowiskiem &#8222;Manhattan&#8221; w niebieskim budynku Kujawskiej Sp\u00f3\u0142dzielni Mieszkaniowej przy parkingu od ulicy Wachowiaka)\u00a0 \u00a0<a href=\"http:\/\/word.abconline.pl\/?page_id=41\"><span style=\"color: #000080;\">mapa<\/span><\/a><\/span><\/strong><\/span><\/p>\n<hr \/>\n<p><img loading=\"lazy\" class=\"aligncenter size-full wp-image-351\" src=\"http:\/\/word.abconline.pl\/wp-content\/uploads\/2017\/03\/house_model_blueprint_house_scale_model_on_its_blueprint_3d-23223.jpg\" alt=\"\" width=\"1920\" height=\"1200\" srcset=\"https:\/\/abconline.pl\/wp-content\/uploads\/2017\/03\/house_model_blueprint_house_scale_model_on_its_blueprint_3d-23223.jpg 1920w, https:\/\/abconline.pl\/wp-content\/uploads\/2017\/03\/house_model_blueprint_house_scale_model_on_its_blueprint_3d-23223-300x188.jpg 300w, https:\/\/abconline.pl\/wp-content\/uploads\/2017\/03\/house_model_blueprint_house_scale_model_on_its_blueprint_3d-23223-768x480.jpg 768w, https:\/\/abconline.pl\/wp-content\/uploads\/2017\/03\/house_model_blueprint_house_scale_model_on_its_blueprint_3d-23223-1024x640.jpg 1024w\" sizes=\"(max-width: 1920px) 100vw, 1920px\" \/><\/p>\n<p><span style=\"font-size: 18pt;\">Nasza firma od ponad 25 lat zajmuje si\u0119 wdra\u017caniem technologii informatycznych, sprzeda\u017c\u0105 i serwisowaniem urz\u0105dze\u0144 komputerowych, kas i drukarek fiskalnych, oprogramowania oraz materia\u0142\u00f3w eksploatacyjnych do drukarek.<\/span><\/p>\n<p><span style=\"font-size: 18pt;\">Projektujemy i wykonujemy najwy\u017cszej jako\u015bci wideo monitoring, instalacje elektryczne i teletechniczne odpowiadaj\u0105ce wsp\u00f3\u0142czesnym trendom.<\/span><\/p>\n<p><span style=\"font-size: 18pt;\">Korzystamy ze wsparcia najnowszych technologii, wykorzystuj\u0105c ciekawe, acz niedrogie nowinki techniczne. <\/span><\/p>\n<p><span style=\"font-size: 18pt;\">Co istotne, wszystko za rozs\u0105dn\u0105 cen\u0119 i z mo\u017cliwo\u015bciami por\u00f3wnywalnymi do najdro\u017cszych rozwi\u0105za\u0144.<\/span><\/p>\n<p><span style=\"font-size: 18pt;\">Dodatkowo od kilku lat jeste\u015bmy punktem partnerskim <a href=\"https:\/\/abconline.pl\/?page_id=568\"><b>Premium Mobile<\/b><\/a> Sp. z o.o. \u2013 wirtualnego operatora telefonii kom\u00f3rkowej dzia\u0142aj\u0105cego na infrastrukturze <b>sieci<\/b> Plus. Marka zosta\u0142a wprowadzona na rynek w styczniu 2016 roku. Wyr\u00f3\u017cnia si\u0119 bardzo atrakcyjn\u0105 cenowo i jako\u015bciowo umow\u0105 na abonament telefoniczny z rozmowami <b>BEZ LIMITU<\/b> do wszystkich sieci kom\u00f3rkowych w Polsce oraz internetem mobilnym czy domowym z du\u017cymi pakietami danych r\u00f3wnie\u017c w sieci 5G. Jako nieliczni oferuj\u0105 <b>Umow\u0119 na ile chcesz<\/b> z miesi\u0119cznym okresem wypowiedzenia.<\/span><\/p>\n","protected":false},"excerpt":{"rendered":"<p>Od lipca 2019 roku nasz sklep zosta\u0142 przeniesiony na ulic\u0119 Wojska Polskiego 5 w Inowroc\u0142awiu (za targowiskiem &#8222;Manhattan&#8221; w niebieskim budynku Kujawskiej Sp\u00f3\u0142dzielni Mieszkaniowej przy parkingu od ulicy Wachowiaka)\u00a0 \u00a0mapa Nasza firma od ponad 25 lat zajmuje si\u0119 wdra\u017caniem technologii informatycznych, sprzeda\u017c\u0105 i serwisowaniem urz\u0105dze\u0144 komputerowych, kas i drukarek fiskalnych, oprogramowania oraz materia\u0142\u00f3w eksploatacyjnych do [&hellip;]<\/p>\n","protected":false},"author":1,"featured_media":0,"parent":0,"menu_order":0,"comment_status":"closed","ping_status":"closed","template":"","meta":[],"_links":{"self":[{"href":"https:\/\/abconline.pl\/index.php?rest_route=\/wp\/v2\/pages\/434"}],"collection":[{"href":"https:\/\/abconline.pl\/index.php?rest_route=\/wp\/v2\/pages"}],"about":[{"href":"https:\/\/abconline.pl\/index.php?rest_route=\/wp\/v2\/types\/page"}],"author":[{"embeddable":true,"href":"https:\/\/abconline.pl\/index.php?rest_route=\/wp\/v2\/users\/1"}],"replies":[{"embeddable":true,"href":"https:\/\/abconline.pl\/index.php?rest_route=%2Fwp%2Fv2%2Fcomments&post=434"}],"version-history":[{"count":35,"href":"https:\/\/abconline.pl\/index.php?rest_route=\/wp\/v2\/pages\/434\/revisions"}],"predecessor-version":[{"id":603,"href":"https:\/\/abconline.pl\/index.php?rest_route=\/wp\/v2\/pages\/434\/revisions\/603"}],"wp:attachment":[{"href":"https:\/\/abconline.pl\/index.php?rest_route=%2Fwp%2Fv2%2Fmedia&parent=434"}],"curies":[{"name":"wp","href":"https:\/\/api.w.org\/{rel}","templated":true}]}}