{"id":568,"date":"2021-07-04T15:53:54","date_gmt":"2021-07-04T15:53:54","guid":{"rendered":"https:\/\/abconline.pl\/?page_id=568"},"modified":"2021-07-07T14:38:12","modified_gmt":"2021-07-07T14:38:12","slug":"premium-mobile","status":"publish","type":"page","link":"https:\/\/abconline.pl\/?page_id=568","title":{"rendered":"Premium Mobile"},"content":{"rendered":"<p><img loading=\"lazy\" class=\"aligncenter size-full wp-image-576\" src=\"https:\/\/abconline.pl\/wp-content\/uploads\/2021\/07\/image001.jpg\" alt=\"logo Premium\" width=\"479\" height=\"89\" srcset=\"https:\/\/abconline.pl\/wp-content\/uploads\/2021\/07\/image001.jpg 479w, https:\/\/abconline.pl\/wp-content\/uploads\/2021\/07\/image001-300x56.jpg 300w\" sizes=\"(max-width: 479px) 100vw, 479px\" \/><\/p>\n<p><span style=\"font-size: 18pt;\">Od kilku lat jeste\u015bmy punktem partnerskim <b>Premium Mobile<\/b> Sp. z o.o. \u2013 wirtualnego operatora telefonii kom\u00f3rkowej dzia\u0142aj\u0105cego na infrastrukturze <b>sieci<\/b> Plus. Marka zosta\u0142a wprowadzona na rynek w styczniu 2016 roku. Wyr\u00f3\u017cnia si\u0119 bardzo atrakcyjn\u0105 cenowo i jako\u015bciowo umow\u0105 na abonament telefoniczny z rozmowami <b>BEZ LIMITU<\/b> do wszystkich sieci kom\u00f3rkowych w Polsce oraz internetem mobilnym czy domowym z du\u017cymi pakietami danych r\u00f3wnie\u017c w sieci 5G. Jako nieliczni oferuj\u0105 <b>Umow\u0119 na ile chcesz<\/b> z miesi\u0119cznym okresem wypowiedzenia.<\/span><\/p>\n<p><img loading=\"lazy\" class=\"aligncenter size-full wp-image-578\" src=\"https:\/\/abconline.pl\/wp-content\/uploads\/2021\/07\/freedom_PL_dopisek.png\" alt=\"Freedom\" width=\"1200\" height=\"1200\" srcset=\"https:\/\/abconline.pl\/wp-content\/uploads\/2021\/07\/freedom_PL_dopisek.png 1200w, https:\/\/abconline.pl\/wp-content\/uploads\/2021\/07\/freedom_PL_dopisek-300x300.png 300w, https:\/\/abconline.pl\/wp-content\/uploads\/2021\/07\/freedom_PL_dopisek-1024x1024.png 1024w, https:\/\/abconline.pl\/wp-content\/uploads\/2021\/07\/freedom_PL_dopisek-150x150.png 150w, https:\/\/abconline.pl\/wp-content\/uploads\/2021\/07\/freedom_PL_dopisek-768x768.png 768w\" sizes=\"(max-width: 1200px) 100vw, 1200px\" \/><\/p>\n<p><img loading=\"lazy\" class=\"aligncenter size-full wp-image-605\" src=\"https:\/\/abconline.pl\/wp-content\/uploads\/2021\/07\/freedom1_dopisek-1.png\" alt=\"\" width=\"1200\" height=\"1200\" srcset=\"https:\/\/abconline.pl\/wp-content\/uploads\/2021\/07\/freedom1_dopisek-1.png 1200w, https:\/\/abconline.pl\/wp-content\/uploads\/2021\/07\/freedom1_dopisek-1-300x300.png 300w, https:\/\/abconline.pl\/wp-content\/uploads\/2021\/07\/freedom1_dopisek-1-1024x1024.png 1024w, https:\/\/abconline.pl\/wp-content\/uploads\/2021\/07\/freedom1_dopisek-1-150x150.png 150w, https:\/\/abconline.pl\/wp-content\/uploads\/2021\/07\/freedom1_dopisek-1-768x768.png 768w\" sizes=\"(max-width: 1200px) 100vw, 1200px\" \/><\/p>\n<p class=\"x_MsoNormal\"><img loading=\"lazy\" class=\"aligncenter size-full wp-image-606\" src=\"https:\/\/abconline.pl\/wp-content\/uploads\/2021\/07\/freedom2_dopisek-1.png\" alt=\"\" width=\"1200\" height=\"1200\" srcset=\"https:\/\/abconline.pl\/wp-content\/uploads\/2021\/07\/freedom2_dopisek-1.png 1200w, https:\/\/abconline.pl\/wp-content\/uploads\/2021\/07\/freedom2_dopisek-1-300x300.png 300w, https:\/\/abconline.pl\/wp-content\/uploads\/2021\/07\/freedom2_dopisek-1-1024x1024.png 1024w, https:\/\/abconline.pl\/wp-content\/uploads\/2021\/07\/freedom2_dopisek-1-150x150.png 150w, https:\/\/abconline.pl\/wp-content\/uploads\/2021\/07\/freedom2_dopisek-1-768x768.png 768w\" sizes=\"(max-width: 1200px) 100vw, 1200px\" \/><\/p>\n<p><img loading=\"lazy\" class=\"aligncenter size-full wp-image-607\" src=\"https:\/\/abconline.pl\/wp-content\/uploads\/2021\/07\/freedom3_dopisek-1.png\" alt=\"\" width=\"1200\" height=\"1200\" srcset=\"https:\/\/abconline.pl\/wp-content\/uploads\/2021\/07\/freedom3_dopisek-1.png 1200w, https:\/\/abconline.pl\/wp-content\/uploads\/2021\/07\/freedom3_dopisek-1-300x300.png 300w, https:\/\/abconline.pl\/wp-content\/uploads\/2021\/07\/freedom3_dopisek-1-1024x1024.png 1024w, https:\/\/abconline.pl\/wp-content\/uploads\/2021\/07\/freedom3_dopisek-1-150x150.png 150w, https:\/\/abconline.pl\/wp-content\/uploads\/2021\/07\/freedom3_dopisek-1-768x768.png 768w\" sizes=\"(max-width: 1200px) 100vw, 1200px\" \/><\/p>\n<p><img loading=\"lazy\" class=\"aligncenter size-full wp-image-609\" src=\"https:\/\/abconline.pl\/wp-content\/uploads\/2021\/07\/freedom4_dopisek.png\" alt=\"\" width=\"1200\" height=\"1200\" srcset=\"https:\/\/abconline.pl\/wp-content\/uploads\/2021\/07\/freedom4_dopisek.png 1200w, https:\/\/abconline.pl\/wp-content\/uploads\/2021\/07\/freedom4_dopisek-300x300.png 300w, https:\/\/abconline.pl\/wp-content\/uploads\/2021\/07\/freedom4_dopisek-1024x1024.png 1024w, https:\/\/abconline.pl\/wp-content\/uploads\/2021\/07\/freedom4_dopisek-150x150.png 150w, https:\/\/abconline.pl\/wp-content\/uploads\/2021\/07\/freedom4_dopisek-768x768.png 768w\" sizes=\"(max-width: 1200px) 100vw, 1200px\" \/><\/p>\n<p><img loading=\"lazy\" class=\"aligncenter size-full wp-image-611\" src=\"https:\/\/abconline.pl\/wp-content\/uploads\/2021\/07\/freedom5_dopisek.png\" alt=\"\" width=\"1200\" height=\"1200\" srcset=\"https:\/\/abconline.pl\/wp-content\/uploads\/2021\/07\/freedom5_dopisek.png 1200w, https:\/\/abconline.pl\/wp-content\/uploads\/2021\/07\/freedom5_dopisek-300x300.png 300w, https:\/\/abconline.pl\/wp-content\/uploads\/2021\/07\/freedom5_dopisek-1024x1024.png 1024w, https:\/\/abconline.pl\/wp-content\/uploads\/2021\/07\/freedom5_dopisek-150x150.png 150w, https:\/\/abconline.pl\/wp-content\/uploads\/2021\/07\/freedom5_dopisek-768x768.png 768w\" sizes=\"(max-width: 1200px) 100vw, 1200px\" \/><\/p>\n<p><img loading=\"lazy\" class=\"aligncenter size-full wp-image-612\" src=\"https:\/\/abconline.pl\/wp-content\/uploads\/2021\/07\/freedom_net_75_dopisek.png\" alt=\"\" width=\"1200\" height=\"1200\" srcset=\"https:\/\/abconline.pl\/wp-content\/uploads\/2021\/07\/freedom_net_75_dopisek.png 1200w, https:\/\/abconline.pl\/wp-content\/uploads\/2021\/07\/freedom_net_75_dopisek-300x300.png 300w, https:\/\/abconline.pl\/wp-content\/uploads\/2021\/07\/freedom_net_75_dopisek-1024x1024.png 1024w, https:\/\/abconline.pl\/wp-content\/uploads\/2021\/07\/freedom_net_75_dopisek-150x150.png 150w, https:\/\/abconline.pl\/wp-content\/uploads\/2021\/07\/freedom_net_75_dopisek-768x768.png 768w\" sizes=\"(max-width: 1200px) 100vw, 1200px\" \/><\/p>\n<p><img loading=\"lazy\" class=\"aligncenter size-full wp-image-614\" src=\"https:\/\/abconline.pl\/wp-content\/uploads\/2021\/07\/freedom_net_100200_dopisek.png\" alt=\"\" width=\"1200\" height=\"1200\" srcset=\"https:\/\/abconline.pl\/wp-content\/uploads\/2021\/07\/freedom_net_100200_dopisek.png 1200w, https:\/\/abconline.pl\/wp-content\/uploads\/2021\/07\/freedom_net_100200_dopisek-300x300.png 300w, https:\/\/abconline.pl\/wp-content\/uploads\/2021\/07\/freedom_net_100200_dopisek-1024x1024.png 1024w, https:\/\/abconline.pl\/wp-content\/uploads\/2021\/07\/freedom_net_100200_dopisek-150x150.png 150w, https:\/\/abconline.pl\/wp-content\/uploads\/2021\/07\/freedom_net_100200_dopisek-768x768.png 768w\" sizes=\"(max-width: 1200px) 100vw, 1200px\" \/><\/p>\n<p><img loading=\"lazy\" class=\"aligncenter size-full wp-image-615\" src=\"https:\/\/abconline.pl\/wp-content\/uploads\/2021\/07\/freedom_net_200200_dopisek.png\" alt=\"\" width=\"1200\" height=\"1200\" srcset=\"https:\/\/abconline.pl\/wp-content\/uploads\/2021\/07\/freedom_net_200200_dopisek.png 1200w, https:\/\/abconline.pl\/wp-content\/uploads\/2021\/07\/freedom_net_200200_dopisek-300x300.png 300w, https:\/\/abconline.pl\/wp-content\/uploads\/2021\/07\/freedom_net_200200_dopisek-1024x1024.png 1024w, https:\/\/abconline.pl\/wp-content\/uploads\/2021\/07\/freedom_net_200200_dopisek-150x150.png 150w, https:\/\/abconline.pl\/wp-content\/uploads\/2021\/07\/freedom_net_200200_dopisek-768x768.png 768w\" sizes=\"(max-width: 1200px) 100vw, 1200px\" \/><\/p>\n","protected":false},"excerpt":{"rendered":"<p>Od kilku lat jeste\u015bmy punktem partnerskim Premium Mobile Sp. z o.o. \u2013 wirtualnego operatora telefonii kom\u00f3rkowej dzia\u0142aj\u0105cego na infrastrukturze sieci Plus. Marka zosta\u0142a wprowadzona na rynek w styczniu 2016 roku. Wyr\u00f3\u017cnia si\u0119 bardzo atrakcyjn\u0105 cenowo i jako\u015bciowo umow\u0105 na abonament telefoniczny z rozmowami BEZ LIMITU do wszystkich sieci kom\u00f3rkowych w Polsce oraz internetem mobilnym czy [&hellip;]<\/p>\n","protected":false},"author":1,"featured_media":0,"parent":0,"menu_order":0,"comment_status":"closed","ping_status":"closed","template":"","meta":[],"_links":{"self":[{"href":"https:\/\/abconline.pl\/index.php?rest_route=\/wp\/v2\/pages\/568"}],"collection":[{"href":"https:\/\/abconline.pl\/index.php?rest_route=\/wp\/v2\/pages"}],"about":[{"href":"https:\/\/abconline.pl\/index.php?rest_route=\/wp\/v2\/types\/page"}],"author":[{"embeddable":true,"href":"https:\/\/abconline.pl\/index.php?rest_route=\/wp\/v2\/users\/1"}],"replies":[{"embeddable":true,"href":"https:\/\/abconline.pl\/index.php?rest_route=%2Fwp%2Fv2%2Fcomments&post=568"}],"version-history":[{"count":14,"href":"https:\/\/abconline.pl\/index.php?rest_route=\/wp\/v2\/pages\/568\/revisions"}],"predecessor-version":[{"id":617,"href":"https:\/\/abconline.pl\/index.php?rest_route=\/wp\/v2\/pages\/568\/revisions\/617"}],"wp:attachment":[{"href":"https:\/\/abconline.pl\/index.php?rest_route=%2Fwp%2Fv2%2Fmedia&parent=568"}],"curies":[{"name":"wp","href":"https:\/\/api.w.org\/{rel}","templated":true}]}}